{"id":263,"date":"2017-12-12T12:05:40","date_gmt":"2017-12-12T12:05:40","guid":{"rendered":"https:\/\/www.recolex.be\/extranet\/"},"modified":"2019-10-22T18:22:47","modified_gmt":"2019-10-22T18:22:47","slug":"extranet","status":"publish","type":"page","link":"https:\/\/www.recolex.be\/fr\/extranet\/","title":{"rendered":"Extranet"},"content":{"rendered":"<p>[vc_row][vc_column]<div class=\"fancy_heading fancy_heading_line\"><h1 class=\"title\">Extranet<\/h1><\/div>\n[\/vc_column][\/vc_row][vc_row][vc_column width=\u00a0\u00bb1\/2&Prime;][vc_column_text]<\/p>\n<h4 style=\"text-align: justify;\">L\u2019Extranet comporte la possibilit\u00e9 pour les clients de l\u2019\u00e9tude de s\u2019informer 24h\/24h sur l\u2019\u00e9tat actuel de leurs dossiers et de les consulter.<\/h4>\n<p>[\/vc_column_text][\/vc_column][vc_column width=\u00a0\u00bb1\/2&Prime;][vc_column_text]La connexion est s\u00e9curis\u00e9e et un certificat de s\u00e9curit\u00e9 est \u00e0 installer.<\/p>\n<p>Un login et un mot de passe peuvent vous \u00eatre attribu\u00e9s sur simple demande.<\/p>\n<p>Si vous \u00eates int\u00e9ress\u00e9s, n\u2019h\u00e9sitez pas \u00e0\u00a0<a href=\"https:\/\/www.recolex.be\/fr\/contact\/\">nous contacter<\/a>.[\/vc_column_text][vc_empty_space height=\u00a0\u00bb10px\u00a0\u00bb][vc_single_image image=\u00a0\u00bb324&Prime; img_size=\u00a0\u00bbfull\u00a0\u00bb][vc_empty_space][\/vc_column][\/vc_row][vc_row full_width=\u00a0\u00bbstretch_row\u00a0\u00bb css=\u00a0\u00bb.vc_custom_1513091917917{background-image: url(https:\/\/www.recolex.be\/wp-content\/uploads\/2017\/12\/extranet-button-backround-mauve.jpg?id=124) !important;}\u00a0\u00bb][vc_column][vc_cta h2=\u00a0\u00bbSe connecter sur l&rsquo;extranet\u00a0\u00bb h2_font_container=\u00a0\u00bbfont_size:35px|color:%23ffffff\u00a0\u00bb h2_use_theme_fonts=\u00a0\u00bbyes\u00a0\u00bb txt_align=\u00a0\u00bbcenter\u00a0\u00bb style=\u00a0\u00bbcustom\u00a0\u00bb use_custom_fonts_h2=\u00a0\u00bbtrue\u00a0\u00bb h2_link=\u00a0\u00bburl:https%3A%2F%2Fdioweb.recolex.be||target:%20_blank|\u00a0\u00bb custom_background=\u00a0\u00bbrgba(0,0,0,0.01)\u00a0\u00bb custom_text=\u00a0\u00bb#ffffff\u00a0\u00bb][\/vc_cta][\/vc_column][\/vc_row]<\/p>\n","protected":false},"excerpt":{"rendered":"<p>[vc_row][vc_column][\/vc_column][\/vc_row][vc_row][vc_column width=\u00a0\u00bb1\/2&Prime;][vc_column_text] L\u2019Extranet comporte la possibilit\u00e9 pour les clients de l\u2019\u00e9tude de s\u2019informer 24h\/24h sur l\u2019\u00e9tat actuel de leurs dossiers et de les consulter. [\/vc_column_text][\/vc_column][vc_column width=\u00a0\u00bb1\/2&Prime;][vc_column_text]La<span class=\"excerpt-hellip\"> [\u2026]<\/span><\/p>\n","protected":false},"author":1,"featured_media":63,"parent":0,"menu_order":8,"comment_status":"closed","ping_status":"closed","template":"","meta":{"_exactmetrics_skip_tracking":false,"_exactmetrics_sitenote_active":false,"_exactmetrics_sitenote_note":"","_exactmetrics_sitenote_category":0,"footnotes":""},"class_list":["post-263","page","type-page","status-publish","has-post-thumbnail","hentry"],"publishpress_future_action":{"enabled":false,"date":"2026-05-22 09:45:09","action":"change-status","newStatus":"draft","terms":[],"taxonomy":"translation_priority","extraData":[]},"publishpress_future_workflow_manual_trigger":{"enabledWorkflows":[]},"_links":{"self":[{"href":"https:\/\/www.recolex.be\/fr\/wp-json\/wp\/v2\/pages\/263","targetHints":{"allow":["GET"]}}],"collection":[{"href":"https:\/\/www.recolex.be\/fr\/wp-json\/wp\/v2\/pages"}],"about":[{"href":"https:\/\/www.recolex.be\/fr\/wp-json\/wp\/v2\/types\/page"}],"author":[{"embeddable":true,"href":"https:\/\/www.recolex.be\/fr\/wp-json\/wp\/v2\/users\/1"}],"replies":[{"embeddable":true,"href":"https:\/\/www.recolex.be\/fr\/wp-json\/wp\/v2\/comments?post=263"}],"version-history":[{"count":8,"href":"https:\/\/www.recolex.be\/fr\/wp-json\/wp\/v2\/pages\/263\/revisions"}],"predecessor-version":[{"id":705,"href":"https:\/\/www.recolex.be\/fr\/wp-json\/wp\/v2\/pages\/263\/revisions\/705"}],"wp:featuredmedia":[{"embeddable":true,"href":"https:\/\/www.recolex.be\/fr\/wp-json\/wp\/v2\/media\/63"}],"wp:attachment":[{"href":"https:\/\/www.recolex.be\/fr\/wp-json\/wp\/v2\/media?parent=263"}],"curies":[{"name":"wp","href":"https:\/\/api.w.org\/{rel}","templated":true}]}}