{"id":261,"date":"2017-12-12T12:03:56","date_gmt":"2017-12-12T12:03:56","guid":{"rendered":"https:\/\/www.recolex.be\/kontakt\/"},"modified":"2025-07-07T08:36:26","modified_gmt":"2025-07-07T08:36:26","slug":"contact","status":"publish","type":"page","link":"https:\/\/www.recolex.be\/fr\/contact\/","title":{"rendered":"Contact"},"content":{"rendered":"<p>[vc_row][vc_column][vc_column_text css=\u00a0\u00bb.vc_custom_1526560710874{margin-top: -40px !important;}\u00a0\u00bb]Nous n\u2019utilisons les donn\u00e9es que vous nous communiquez que dans le but de r\u00e9pondre \u00e0 votre demande et conform\u00e9ment \u00e0 notre politique de confidentialit\u00e9.<\/p>\n<p><a href=\"https:\/\/www.recolex.be\/fr\/mentions-legales\/\">Confidentialit\u00e9<\/a>[\/vc_column_text][\/vc_column][\/vc_row]<\/p>\n","protected":false},"excerpt":{"rendered":"<p>[vc_row][vc_column][vc_column_text css=\u00a0\u00bb.vc_custom_1526560710874{margin-top: -40px !important;}\u00a0\u00bb]Nous n\u2019utilisons les donn\u00e9es que vous nous communiquez que dans le but de r\u00e9pondre \u00e0 votre demande et conform\u00e9ment \u00e0 notre politique de<span class=\"excerpt-hellip\"> [\u2026]<\/span><\/p>\n","protected":false},"author":1,"featured_media":46,"parent":0,"menu_order":7,"comment_status":"closed","ping_status":"closed","template":"","meta":{"_exactmetrics_skip_tracking":false,"_exactmetrics_sitenote_active":false,"_exactmetrics_sitenote_note":"","_exactmetrics_sitenote_category":0,"footnotes":""},"class_list":["post-261","page","type-page","status-publish","has-post-thumbnail","hentry"],"publishpress_future_action":{"enabled":false,"date":"2026-05-22 09:45:36","action":"change-status","newStatus":"draft","terms":[],"taxonomy":"translation_priority","extraData":[]},"publishpress_future_workflow_manual_trigger":{"enabledWorkflows":[]},"_links":{"self":[{"href":"https:\/\/www.recolex.be\/fr\/wp-json\/wp\/v2\/pages\/261","targetHints":{"allow":["GET"]}}],"collection":[{"href":"https:\/\/www.recolex.be\/fr\/wp-json\/wp\/v2\/pages"}],"about":[{"href":"https:\/\/www.recolex.be\/fr\/wp-json\/wp\/v2\/types\/page"}],"author":[{"embeddable":true,"href":"https:\/\/www.recolex.be\/fr\/wp-json\/wp\/v2\/users\/1"}],"replies":[{"embeddable":true,"href":"https:\/\/www.recolex.be\/fr\/wp-json\/wp\/v2\/comments?post=261"}],"version-history":[{"count":3,"href":"https:\/\/www.recolex.be\/fr\/wp-json\/wp\/v2\/pages\/261\/revisions"}],"predecessor-version":[{"id":467,"href":"https:\/\/www.recolex.be\/fr\/wp-json\/wp\/v2\/pages\/261\/revisions\/467"}],"wp:featuredmedia":[{"embeddable":true,"href":"https:\/\/www.recolex.be\/fr\/wp-json\/wp\/v2\/media\/46"}],"wp:attachment":[{"href":"https:\/\/www.recolex.be\/fr\/wp-json\/wp\/v2\/media?parent=261"}],"curies":[{"name":"wp","href":"https:\/\/api.w.org\/{rel}","templated":true}]}}