{"id":257,"date":"2017-12-12T12:03:02","date_gmt":"2017-12-12T12:03:02","guid":{"rendered":"https:\/\/www.recolex.be\/versteigerungen\/"},"modified":"2025-11-17T09:20:55","modified_gmt":"2025-11-17T09:20:55","slug":"ventes-publiques","status":"publish","type":"page","link":"https:\/\/www.recolex.be\/fr\/ventes-publiques\/","title":{"rendered":"Ventes publiques"},"content":{"rendered":"<p>[vc_row][vc_column]<div class=\"fancy_heading fancy_heading_line\"><h1 class=\"title\">Ventes publiques<\/h1><div class=\"inside\">De plus amples renseignements peuvent \u00eatre obtenus \u00e0 l&rsquo;\u00e9tude des huissiers de justice sous le num\u00e9ro +32 (0)80 28 00 50<\/div><\/div>\n[\/vc_column][\/vc_row][vc_row disable_element=\u00a0\u00bbyes\u00a0\u00bb][vc_column][vc_column_text]<\/p>\n<h1 style=\"text-align: center;\">Vente publique judiciaire<\/h1>\n<h3 style=\"text-align: center;\"><strong>le vendredi 21 mai 2021 \u00e0 17h00<\/strong> dans la nouvelle salle de vente des huissiers de justice \u00e0<\/h3>\n<h3 style=\"text-align: center;\"><strong>4780 ST.VITH, Neundorfer Stra\u00dfe 16<\/strong><\/h3>\n<p>&nbsp;<\/p>\n<p style=\"text-align: center;\">1 t\u00e9l\u00e9viseur LCD, de marque SAMSUNG<\/p>\n<p style=\"text-align: center;\">1 salon (2-1) de couleur beige<\/p>\n<p style=\"text-align: center;\">1 table de salle \u00e0 manger<\/p>\n<p style=\"text-align: center;\">3 chaises en simili-cuir brun fonc\u00e9<\/p>\n<p style=\"text-align: center;\">2 chaises en simili-cuire beige<\/p>\n<p style=\"text-align: center;\">1 imprimante-copieur-scanner CANON<\/p>\n<p style=\"text-align: center;\">Le cong\u00e9lateur, la foreuse et la visseuse annonc\u00e9s dans le journal ne sont pas propos\u00e9s \u00e0 la vente<\/p>\n<p style=\"text-align: center;\">PAIEMENT AU COMPTANT ou par BANCONTACT<\/p>\n<p style=\"text-align: center;\"><strong>LA VENTE SE FAIT SANS FRAIS!<\/strong><\/p>\n<p>&nbsp;<\/p>\n<h3 style=\"text-align: center;\"><strong>Visite sur place \u00e0 partir de 16h30\u00a0 &#8211; Le port du masque est obligatoire!<\/strong><\/h3>\n<p>[\/vc_column_text][\/vc_column][\/vc_row][vc_row disable_element=\u00a0\u00bbyes\u00a0\u00bb][vc_column][vc_column_text]<\/p>\n<h1 style=\"text-align: center;\">Vente publique judiciaire<\/h1>\n<h3 style=\"text-align: center;\"><strong>le vendredi 14 novembre 2025 \u00e0 17h00<\/strong> dans la salle de vente des huissiers de justice \u00e0<\/h3>\n<h3 style=\"text-align: center;\"><strong>4780 ST.VITH, Neundorfer Stra\u00dfe 16<\/strong><\/h3>\n<p>&nbsp;<\/p>\n<p style=\"text-align: center;\">1 v\u00e9hicule de marque SEAT, type IBIZA, gris, 1,6 diesel, premi\u00e8re mise en circulation: 11\/08\/2010, 151.146 km, cl\u00e9 et papiers du v\u00e9hicules disponibles<\/p>\n<p>&nbsp;<\/p>\n<p style=\"text-align: center;\">PAIEMENT AU COMPTANT (max. 3.000 \u20ac) ou par BANCONTACT<\/p>\n<p style=\"text-align: center;\"><strong>LA VENTE SE FAIT AVEC 10% de frais et \u00e0 majorer de 21% TVA sur les frais uniquement<br \/>\n<\/strong><\/p>\n<p>&nbsp;<\/p>\n<h3 style=\"text-align: center;\"><strong>Visite sur place \u00e0 partir de 16h45<\/strong><\/h3>\n<p>[\/vc_column_text][\/vc_column][\/vc_row][vc_row disable_element=\u00a0\u00bbyes\u00a0\u00bb][vc_column][vc_column_text]<\/p>\n<h1 style=\"text-align: center;\">Vente publique judiciaire<\/h1>\n<h3 style=\"text-align: center;\"><strong>le vendredi 28 avril 2023 \u00e0 14h00<\/strong> dans la salle de vente des huissiers de justice \u00e0<\/h3>\n<h3 style=\"text-align: center;\"><strong>4800 VERVIERS, rue du Centre 63<br \/>\n<\/strong><\/h3>\n<p>&nbsp;<\/p>\n<p style=\"text-align: center;\">Une voiture de marque HYUNDAI i10, essence, gris argent, premi\u00e8re mise en circulation : 05\/03\/2015, 120.576 km<\/p>\n<p style=\"text-align: center;\">Documents er cl\u00e9s disponibles.<\/p>\n<p style=\"text-align: center;\">PAIEMENT AU COMPTANT (max. 3000 \u20ac) ou par BANCONTACT<\/p>\n<p style=\"text-align: center;\"><strong>LA VENTE SE FAIT SANS FRAIS ET SANS TVA!<\/strong><\/p>\n<p>&nbsp;<\/p>\n<h3 style=\"text-align: center;\"><strong>Visite sur place \u00e0 partir de 13h45<br \/>\n<\/strong><\/h3>\n<p>[\/vc_column_text][\/vc_column][\/vc_row][vc_row disable_element=\u00a0\u00bbyes\u00a0\u00bb][vc_column width=\u00a0\u00bb1\/3&Prime;][\/vc_column][vc_column width=\u00a0\u00bb1\/3&Prime;][vc_gallery type=\u00a0\u00bbimage_grid\u00a0\u00bb images=\u00a0\u00bb16098,16095,16101,16092,16089,16086,16113,16110,16107&Prime; img_size=\u00a0\u00bbfull\u00a0\u00bb][\/vc_column][vc_column width=\u00a0\u00bb1\/3&Prime;][\/vc_column][\/vc_row]<\/p>\n","protected":false},"excerpt":{"rendered":"<p>[vc_row][vc_column][\/vc_column][\/vc_row][vc_row disable_element=\u00a0\u00bbyes\u00a0\u00bb][vc_column][vc_column_text] Vente publique judiciaire le vendredi 21 mai 2021 \u00e0 17h00 dans la nouvelle salle de vente des huissiers de justice \u00e0 4780 ST.VITH, Neundorfer<span class=\"excerpt-hellip\"> [\u2026]<\/span><\/p>\n","protected":false},"author":1,"featured_media":61,"parent":0,"menu_order":4,"comment_status":"closed","ping_status":"closed","template":"","meta":{"_exactmetrics_skip_tracking":false,"_exactmetrics_sitenote_active":false,"_exactmetrics_sitenote_note":"","_exactmetrics_sitenote_category":0,"footnotes":""},"class_list":["post-257","page","type-page","status-publish","has-post-thumbnail","hentry"],"publishpress_future_action":{"enabled":false,"date":"2026-05-22 09:48:22","action":"change-status","newStatus":"draft","terms":[],"taxonomy":"translation_priority","extraData":[]},"publishpress_future_workflow_manual_trigger":{"enabledWorkflows":[]},"_links":{"self":[{"href":"https:\/\/www.recolex.be\/fr\/wp-json\/wp\/v2\/pages\/257","targetHints":{"allow":["GET"]}}],"collection":[{"href":"https:\/\/www.recolex.be\/fr\/wp-json\/wp\/v2\/pages"}],"about":[{"href":"https:\/\/www.recolex.be\/fr\/wp-json\/wp\/v2\/types\/page"}],"author":[{"embeddable":true,"href":"https:\/\/www.recolex.be\/fr\/wp-json\/wp\/v2\/users\/1"}],"replies":[{"embeddable":true,"href":"https:\/\/www.recolex.be\/fr\/wp-json\/wp\/v2\/comments?post=257"}],"version-history":[{"count":103,"href":"https:\/\/www.recolex.be\/fr\/wp-json\/wp\/v2\/pages\/257\/revisions"}],"predecessor-version":[{"id":16195,"href":"https:\/\/www.recolex.be\/fr\/wp-json\/wp\/v2\/pages\/257\/revisions\/16195"}],"wp:featuredmedia":[{"embeddable":true,"href":"https:\/\/www.recolex.be\/fr\/wp-json\/wp\/v2\/media\/61"}],"wp:attachment":[{"href":"https:\/\/www.recolex.be\/fr\/wp-json\/wp\/v2\/media?parent=257"}],"curies":[{"name":"wp","href":"https:\/\/api.w.org\/{rel}","templated":true}]}}