{"id":255,"date":"2017-12-12T12:02:30","date_gmt":"2017-12-12T12:02:30","guid":{"rendered":"https:\/\/www.recolex.be\/mitarbeiter\/"},"modified":"2025-06-25T14:59:06","modified_gmt":"2025-06-25T14:59:06","slug":"equipe","status":"publish","type":"page","link":"https:\/\/www.recolex.be\/fr\/equipe\/","title":{"rendered":"Equipe"},"content":{"rendered":"<p>[vc_row][vc_column]<div class=\"fancy_heading fancy_heading_line\"><h1 class=\"title\">Equipe<\/h1><\/div>\n[\/vc_column][\/vc_row][vc_row][vc_column width=\u00a0\u00bb1\/2&Prime;]<div class=\"team team_horizontal\"><h4 class=\"title\">Marc SCHMITZ<\/h4><div class=\"image_frame photo no_link scale-with-grid\"><div class=\"image_wrapper\"><img loading=\"lazy\" decoding=\"async\" class=\"scale-with-grid\" src=\"https:\/\/www.recolex.be\/wp-content\/uploads\/2020\/09\/Foto.jpg\" alt=\"Foto\" width=\"1048\" height=\"1280\"\/><\/div><\/div><div class=\"desc_wrapper\"><h4>Huissier de justice<\/h4><p class=\"phone\"><i class=\"icon-phone\"><\/i> <a href=\"tel:080 280 050\">080 280 050<\/a><\/p><hr class=\"hr_color\" \/><div class=\"desc\">Langue : D &#8211; F &#8211; NL &#8211; EN &#8211; L<\/div><div class=\"links\"><a href=\"mailto:marc.schmitz@recolex.be\" class=\"icon_bar icon_bar_small\"><span class=\"t\"><i class=\"icon-mail\"><\/i><\/span><span class=\"b\"><i class=\"icon-mail\"><\/i><\/span><\/a><\/div><\/div><\/div>\n[\/vc_column][vc_column width=\u00a0\u00bb1\/2&Prime;]<div class=\"team team_horizontal\"><h4 class=\"title\">Daniel RAUW<\/h4><div class=\"image_frame photo no_link scale-with-grid\"><div class=\"image_wrapper\"><img decoding=\"async\" class=\"scale-with-grid\" src=\"https:\/\/www.recolex.be\/wp-content\/uploads\/2017\/12\/recolex-daniel-rauw.jpg\" alt=\"\" width=\"\" height=\"\"\/><\/div><\/div><div class=\"desc_wrapper\"><h4>Huissier de justice<\/h4><p class=\"phone\"><i class=\"icon-phone\"><\/i> <a href=\"tel:080 280 050\">080 280 050<\/a><\/p><hr class=\"hr_color\" \/><div class=\"desc\">Langue : D &#8211; F &#8211; NL<\/div><div class=\"links\"><a href=\"mailto:daniel.rauw@recolex.be\" class=\"icon_bar icon_bar_small\"><span class=\"t\"><i class=\"icon-mail\"><\/i><\/span><span class=\"b\"><i class=\"icon-mail\"><\/i><\/span><\/a><\/div><\/div><\/div>\n[\/vc_column][\/vc_row][vc_row][vc_column width=\u00a0\u00bb1\/4&Prime;][\/vc_column][vc_column width=\u00a0\u00bb1\/2&Prime;]<div class=\"team team_horizontal\"><h4 class=\"title\">Christiane MARGRAFF<\/h4><div class=\"image_frame photo no_link scale-with-grid\"><div class=\"image_wrapper\"><img decoding=\"async\" class=\"scale-with-grid\" src=\"https:\/\/www.recolex.be\/wp-content\/uploads\/2017\/12\/recolex-christiane-margraff.jpg\" alt=\"\" width=\"\" height=\"\"\/><\/div><\/div><div class=\"desc_wrapper\"><h4>Candidat huissier de justice et huissier de justice suppl\u00e9ant<\/h4><p class=\"phone\"><i class=\"icon-phone\"><\/i> <a href=\"tel:080 280 050\">080 280 050<\/a><\/p><hr class=\"hr_color\" \/><div class=\"desc\">Langue : D &#8211; F &#8211; NL <\/div><div class=\"links\"><a href=\"mailto:christiane.margraff@recolex.be\" class=\"icon_bar icon_bar_small\"><span class=\"t\"><i class=\"icon-mail\"><\/i><\/span><span class=\"b\"><i class=\"icon-mail\"><\/i><\/span><\/a><\/div><\/div><\/div>\n[\/vc_column][vc_column width=\u00a0\u00bb1\/4&Prime;][\/vc_column][\/vc_row][vc_row css=\u00a0\u00bb.vc_custom_1513088973686{margin-right: -40px !important;margin-left: -40px !important;}\u00a0\u00bb][vc_column width=\u00a0\u00bb1\/3&Prime;]<div class=\"team team_horizontal\"><h4 class=\"title\">Stephanie KESSLER<\/h4><div class=\"image_frame photo no_link scale-with-grid\"><div class=\"image_wrapper\"><img decoding=\"async\" class=\"scale-with-grid\" src=\"https:\/\/www.recolex.be\/wp-content\/uploads\/2017\/12\/recolex-stephanie-kessler.jpg\" alt=\"\" width=\"\" height=\"\"\/><\/div><\/div><div class=\"desc_wrapper\"><h4>Gestion du bureau - administration g\u00e9n\u00e9rale des dossiers d'ex\u00e9cution, proc\u00e9dures immobili\u00e8res, r\u00e9partitions<\/h4><p class=\"phone\"><i class=\"icon-phone\"><\/i> <a href=\"tel:080 280 050\">080 280 050<\/a><\/p><hr class=\"hr_color\" \/><div class=\"desc\">Langue : D &#8211; F <\/div><div class=\"links\"><a href=\"mailto:stephanie.kessler@recolex.be\" class=\"icon_bar icon_bar_small\"><span class=\"t\"><i class=\"icon-mail\"><\/i><\/span><span class=\"b\"><i class=\"icon-mail\"><\/i><\/span><\/a><\/div><\/div><\/div>\n[\/vc_column][vc_column width=\u00a0\u00bb1\/3&Prime;]<div class=\"team team_horizontal\"><h4 class=\"title\">Karin BERNERS<\/h4><div class=\"image_frame photo no_link scale-with-grid\"><div class=\"image_wrapper\"><img decoding=\"async\" class=\"scale-with-grid\" src=\"https:\/\/www.recolex.be\/wp-content\/uploads\/2017\/12\/recolex-karin-berners.jpg\" alt=\"\" width=\"\" height=\"\"\/><\/div><\/div><div class=\"desc_wrapper\"><h4>Administration g\u00e9n\u00e9rale des dossiers d'ex\u00e9cution<\/h4><p class=\"phone\"><i class=\"icon-phone\"><\/i> <a href=\"tel:080 280 050\">080 280 050<\/a><\/p><hr class=\"hr_color\" \/><div class=\"desc\">Langue : D &#8211; F &#8211; ES<\/div><div class=\"links\"><a href=\"mailto:karin.berners@recolex.be\" class=\"icon_bar icon_bar_small\"><span class=\"t\"><i class=\"icon-mail\"><\/i><\/span><span class=\"b\"><i class=\"icon-mail\"><\/i><\/span><\/a><\/div><\/div><\/div>\n[\/vc_column][vc_column width=\u00a0\u00bb1\/3&Prime;]<div class=\"team team_horizontal\"><h4 class=\"title\">Roxane MARGRAFF<\/h4><div class=\"image_frame photo no_link scale-with-grid\"><div class=\"image_wrapper\"><img decoding=\"async\" class=\"scale-with-grid\" src=\"https:\/\/www.recolex.be\/wp-content\/uploads\/2017\/12\/recolex-roxane-margraff.jpg\" alt=\"\" width=\"\" height=\"\"\/><\/div><\/div><div class=\"desc_wrapper\"><h4>Comptabilit\u00e9<\/h4><p class=\"phone\"><i class=\"icon-phone\"><\/i> <a href=\"tel:080 280 050\">080 280 050<\/a><\/p><hr class=\"hr_color\" \/><div class=\"desc\">Langue : D &#8211; F &#8211; NL<\/div><div class=\"links\"><a href=\"mailto:roxane.margraff@recolex.be\" class=\"icon_bar icon_bar_small\"><span class=\"t\"><i class=\"icon-mail\"><\/i><\/span><span class=\"b\"><i class=\"icon-mail\"><\/i><\/span><\/a><\/div><\/div><\/div>\n[\/vc_column][\/vc_row][vc_row css=\u00a0\u00bb.vc_custom_1513088935055{margin-right: -40px !important;margin-left: -40px !important;}\u00a0\u00bb][vc_column width=\u00a0\u00bb1\/3&Prime;]<div class=\"team team_horizontal\"><h4 class=\"title\">Ramona LAMBERTZ<\/h4><div class=\"image_frame photo no_link scale-with-grid\"><div class=\"image_wrapper\"><img decoding=\"async\" class=\"scale-with-grid\" src=\"https:\/\/www.recolex.be\/wp-content\/uploads\/2017\/12\/recolex-ramona-lampertz.jpg\" alt=\"\" width=\"\" height=\"\"\/><\/div><\/div><div class=\"desc_wrapper\"><h4>Accueil, citations, archivage<\/h4><p class=\"phone\"><i class=\"icon-phone\"><\/i> <a href=\"tel:080 280 050\">080 280 050<\/a><\/p><hr class=\"hr_color\" \/><div class=\"desc\">Langue : D &#8211; F <\/div><div class=\"links\"><a href=\"mailto:ramona.lambertz@recolex.be\" class=\"icon_bar icon_bar_small\"><span class=\"t\"><i class=\"icon-mail\"><\/i><\/span><span class=\"b\"><i class=\"icon-mail\"><\/i><\/span><\/a><\/div><\/div><\/div>\n[\/vc_column][vc_column width=\u00a0\u00bb1\/3&Prime;]<div class=\"team team_horizontal\"><h4 class=\"title\">Nadine MASSON<\/h4><div class=\"image_frame photo no_link scale-with-grid\"><div class=\"image_wrapper\"><img decoding=\"async\" class=\"scale-with-grid\" src=\"https:\/\/www.recolex.be\/wp-content\/uploads\/2017\/12\/recolex-nadine-masson.jpg\" alt=\"\" width=\"\" height=\"\"\/><\/div><\/div><div class=\"desc_wrapper\"><h4>Dossiers Contributions directes &amp; ONSS<\/h4><p class=\"phone\"><i class=\"icon-phone\"><\/i> <a href=\"tel:080 280 050\">080 280 050<\/a><\/p><hr class=\"hr_color\" \/><div class=\"desc\">Langue : D &#8211; F<\/div><div class=\"links\"><a href=\"mailto:nadine.masson@recolex.be\" class=\"icon_bar icon_bar_small\"><span class=\"t\"><i class=\"icon-mail\"><\/i><\/span><span class=\"b\"><i class=\"icon-mail\"><\/i><\/span><\/a><\/div><\/div><\/div>\n[\/vc_column][vc_column width=\u00a0\u00bb1\/3&Prime;]<div class=\"team team_horizontal\"><h4 class=\"title\">Thierry HENNES<\/h4><div class=\"image_frame photo no_link scale-with-grid\"><div class=\"image_wrapper\"><img decoding=\"async\" class=\"scale-with-grid\" src=\"https:\/\/www.recolex.be\/wp-content\/uploads\/2017\/12\/recolex-thierry-hennes.jpg\" alt=\"\" width=\"\" height=\"\"\/><\/div><\/div><div class=\"desc_wrapper\"><h4>Administration g\u00e9n\u00e9rale des dossiers d'ex\u00e9cution<\/h4><p class=\"phone\"><i class=\"icon-phone\"><\/i> <a href=\"tel:080 280 050\">080 280 050<\/a><\/p><hr class=\"hr_color\" \/><div class=\"desc\">Langue : D &#8211; F &#8211; EN<\/div><div class=\"links\"><a href=\"mailto:thierry.hennes@recolex.be\" class=\"icon_bar icon_bar_small\"><span class=\"t\"><i class=\"icon-mail\"><\/i><\/span><span class=\"b\"><i class=\"icon-mail\"><\/i><\/span><\/a><\/div><\/div><\/div>\n[\/vc_column][\/vc_row][vc_row css=\u00a0\u00bb.vc_custom_1513088982490{margin-right: -40px !important;margin-left: -40px !important;}\u00a0\u00bb][vc_column width=\u00a0\u00bb1\/3&Prime;]<div class=\"team team_horizontal\"><h4 class=\"title\">Indra HAAS<\/h4><div class=\"image_frame photo no_link scale-with-grid\"><div class=\"image_wrapper\"><img decoding=\"async\" class=\"scale-with-grid\" src=\"https:\/\/www.recolex.be\/wp-content\/uploads\/2017\/12\/recolex-indra-haas.jpg\" alt=\"\" width=\"\" height=\"\"\/><\/div><\/div><div class=\"desc_wrapper\"><h4>Citations, recouvrement amiable, correspondance g\u00e9n\u00e9rale<\/h4><p class=\"phone\"><i class=\"icon-phone\"><\/i> <a href=\"tel:080 280 050\">080 280 050<\/a><\/p><hr class=\"hr_color\" \/><div class=\"desc\">Langue : D &#8211; F &#8211; EN<\/div><div class=\"links\"><a href=\"mailto:indra.haas@recolex.be\" class=\"icon_bar icon_bar_small\"><span class=\"t\"><i class=\"icon-mail\"><\/i><\/span><span class=\"b\"><i class=\"icon-mail\"><\/i><\/span><\/a><\/div><\/div><\/div>\n[\/vc_column][vc_column width=\u00a0\u00bb1\/3&Prime;]<div class=\"team team_horizontal\"><h4 class=\"title\">Anne M\u00dcSCH<\/h4><div class=\"image_frame photo no_link scale-with-grid\"><div class=\"image_wrapper\"><img loading=\"lazy\" decoding=\"async\" class=\"scale-with-grid\" src=\"https:\/\/www.recolex.be\/wp-content\/uploads\/2023\/12\/IMG_7092.jpg\" alt=\"IMG_7092\" width=\"1512\" height=\"1512\"\/><\/div><\/div><div class=\"desc_wrapper\"><h4>Citations, recouvrement amiable<\/h4><p class=\"phone\"><i class=\"icon-phone\"><\/i> <a href=\"tel:080 280 050\">080 280 050<\/a><\/p><hr class=\"hr_color\" \/><div class=\"desc\">Langues: D &#8211; F &#8211; NL &#8211; EN<\/div><div class=\"links\"><a href=\"mailto:anne.musch@recolex.be\" class=\"icon_bar icon_bar_small\"><span class=\"t\"><i class=\"icon-mail\"><\/i><\/span><span class=\"b\"><i class=\"icon-mail\"><\/i><\/span><\/a><\/div><\/div><\/div>\n[\/vc_column][vc_column width=\u00a0\u00bb1\/3&Prime;]<div class=\"team team_horizontal\"><h4 class=\"title\">Jens WEISHAUPT<\/h4><div class=\"image_frame photo no_link scale-with-grid\"><div class=\"image_wrapper\"><img loading=\"lazy\" decoding=\"async\" class=\"scale-with-grid\" src=\"https:\/\/www.recolex.be\/wp-content\/uploads\/2023\/12\/IMG_7093.jpg\" alt=\"IMG_7093\" width=\"1512\" height=\"1512\"\/><\/div><\/div><div class=\"desc_wrapper\"><h4>Affaires p\u00e9nales, significations confr\u00e8res<\/h4><p class=\"phone\"><i class=\"icon-phone\"><\/i> <a href=\"tel:080 280 050\">080 280 050<\/a><\/p><hr class=\"hr_color\" \/><div class=\"desc\">Langues: D &#8211; F<\/div><div class=\"links\"><a href=\"mailto:jens.weishaupt@recolex.be\" class=\"icon_bar icon_bar_small\"><span class=\"t\"><i class=\"icon-mail\"><\/i><\/span><span class=\"b\"><i class=\"icon-mail\"><\/i><\/span><\/a><\/div><\/div><\/div>\n[\/vc_column][\/vc_row][vc_row css=\u00a0\u00bb.vc_custom_1738592399787{margin-right: -40px !important;margin-left: -40px !important;}\u00a0\u00bb][vc_column width=\u00a0\u00bb1\/3&Prime;]<div class=\"team team_horizontal\"><h4 class=\"title\">Dieter BALLMANN<\/h4><div class=\"image_frame photo no_link scale-with-grid\"><div class=\"image_wrapper\"><img decoding=\"async\" class=\"scale-with-grid\" src=\"https:\/\/www.recolex.be\/wp-content\/uploads\/2024\/04\/IMG_8207-e1713269664709.jpeg\" alt=\"\" width=\"\" height=\"\"\/><\/div><\/div><div class=\"desc_wrapper\"><h4>Administration g\u00e9n\u00e9rale des dossiers d'ex\u00e9cution<\/h4><p class=\"phone\"><i class=\"icon-phone\"><\/i> <a href=\"tel:080 280 050\">080 280 050<\/a><\/p><hr class=\"hr_color\" \/><div class=\"desc\">Langue : D &#8211; F &#8211; NL<\/div><div class=\"links\"><a href=\"mailto:dieter.ballmann@recolex.be\" class=\"icon_bar icon_bar_small\"><span class=\"t\"><i class=\"icon-mail\"><\/i><\/span><span class=\"b\"><i class=\"icon-mail\"><\/i><\/span><\/a><\/div><\/div><\/div>\n[\/vc_column][vc_column width=\u00a0\u00bb1\/3&Prime;]<div class=\"team team_horizontal\"><h4 class=\"title\">Chris WARNY<\/h4><div class=\"image_frame photo no_link scale-with-grid\"><div class=\"image_wrapper\"><img decoding=\"async\" class=\"scale-with-grid\" src=\"https:\/\/www.recolex.be\/wp-content\/uploads\/2025\/02\/Chris-1-e1739787715916.jpg\" alt=\"\" width=\"\" height=\"\"\/><\/div><\/div><div class=\"desc_wrapper\"><h4>Citations, recouvrement amiable, administration g\u00e9n\u00e9rale<\/h4><p class=\"phone\"><i class=\"icon-phone\"><\/i> <a href=\"tel:080 280 050\">080 280 050<\/a><\/p><hr class=\"hr_color\" \/><div class=\"desc\">Langue : D &#8211; F &#8211; EN<\/div><div class=\"links\"><a href=\"mailto:chris.warny@recolex.be\" class=\"icon_bar icon_bar_small\"><span class=\"t\"><i class=\"icon-mail\"><\/i><\/span><span class=\"b\"><i class=\"icon-mail\"><\/i><\/span><\/a><\/div><\/div><\/div>\n[\/vc_column][vc_column width=\u00a0\u00bb1\/3&Prime;]<div class=\"team team_horizontal\"><h4 class=\"title\">Franck EGAN<\/h4><div class=\"image_frame photo no_link scale-with-grid\"><div class=\"image_wrapper\"><img decoding=\"async\" class=\"scale-with-grid\" src=\"https:\/\/www.recolex.be\/wp-content\/uploads\/2025\/06\/IMG_4019-e1750863350996.jpeg\" alt=\"\" width=\"\" height=\"\"\/><\/div><\/div><div class=\"desc_wrapper\"><h4>Contraintes administrations publiques<\/h4><p class=\"phone\"><i class=\"icon-phone\"><\/i> <a href=\"tel:080 280 050\">080 280 050<\/a><\/p><hr class=\"hr_color\" \/><div class=\"desc\">Langue : F &#8211; D &#8211; EN<\/div><div class=\"links\"><a href=\"mailto:franck.egan@recolex.be\" class=\"icon_bar icon_bar_small\"><span class=\"t\"><i class=\"icon-mail\"><\/i><\/span><span class=\"b\"><i class=\"icon-mail\"><\/i><\/span><\/a><\/div><\/div><\/div>\n[\/vc_column][\/vc_row]<\/p>\n","protected":false},"excerpt":{"rendered":"<p>[vc_row][vc_column][\/vc_column][\/vc_row][vc_row][vc_column width=\u00a0\u00bb1\/2&Prime;][\/vc_column][vc_column width=\u00a0\u00bb1\/2&Prime;][\/vc_column][\/vc_row][vc_row][vc_column width=\u00a0\u00bb1\/4&Prime;][\/vc_column][vc_column width=\u00a0\u00bb1\/2&Prime;][\/vc_column][vc_column width=\u00a0\u00bb1\/4&Prime;][\/vc_column][\/vc_row][vc_row css=\u00a0\u00bb.vc_custom_1513088973686{margin-right: -40px !important;margin-left: -40px !important;}\u00a0\u00bb][vc_column width=\u00a0\u00bb1\/3&Prime;][\/vc_column][vc_column width=\u00a0\u00bb1\/3&Prime;][\/vc_column][vc_column width=\u00a0\u00bb1\/3&Prime;][\/vc_column][\/vc_row][vc_row css=\u00a0\u00bb.vc_custom_1513088935055{margin-right: -40px !important;margin-left: -40px !important;}\u00a0\u00bb][vc_column width=\u00a0\u00bb1\/3&Prime;][\/vc_column][vc_column width=\u00a0\u00bb1\/3&Prime;][\/vc_column][vc_column width=\u00a0\u00bb1\/3&Prime;][\/vc_column][\/vc_row][vc_row css=\u00a0\u00bb.vc_custom_1513088982490{margin-right: -40px !important;margin-left: -40px<span class=\"excerpt-hellip\"> [\u2026]<\/span><\/p>\n","protected":false},"author":1,"featured_media":78,"parent":0,"menu_order":3,"comment_status":"closed","ping_status":"closed","template":"","meta":{"_exactmetrics_skip_tracking":false,"_exactmetrics_sitenote_active":false,"_exactmetrics_sitenote_note":"","_exactmetrics_sitenote_category":0,"footnotes":""},"class_list":["post-255","page","type-page","status-publish","has-post-thumbnail","hentry"],"publishpress_future_action":{"enabled":false,"date":"2026-05-22 09:45:44","action":"change-status","newStatus":"draft","terms":[],"taxonomy":"translation_priority","extraData":[]},"publishpress_future_workflow_manual_trigger":{"enabledWorkflows":[]},"_links":{"self":[{"href":"https:\/\/www.recolex.be\/fr\/wp-json\/wp\/v2\/pages\/255","targetHints":{"allow":["GET"]}}],"collection":[{"href":"https:\/\/www.recolex.be\/fr\/wp-json\/wp\/v2\/pages"}],"about":[{"href":"https:\/\/www.recolex.be\/fr\/wp-json\/wp\/v2\/types\/page"}],"author":[{"embeddable":true,"href":"https:\/\/www.recolex.be\/fr\/wp-json\/wp\/v2\/users\/1"}],"replies":[{"embeddable":true,"href":"https:\/\/www.recolex.be\/fr\/wp-json\/wp\/v2\/comments?post=255"}],"version-history":[{"count":44,"href":"https:\/\/www.recolex.be\/fr\/wp-json\/wp\/v2\/pages\/255\/revisions"}],"predecessor-version":[{"id":12435,"href":"https:\/\/www.recolex.be\/fr\/wp-json\/wp\/v2\/pages\/255\/revisions\/12435"}],"wp:featuredmedia":[{"embeddable":true,"href":"https:\/\/www.recolex.be\/fr\/wp-json\/wp\/v2\/media\/78"}],"wp:attachment":[{"href":"https:\/\/www.recolex.be\/fr\/wp-json\/wp\/v2\/media?parent=255"}],"curies":[{"name":"wp","href":"https:\/\/api.w.org\/{rel}","templated":true}]}}