{"id":253,"date":"2017-12-12T12:02:02","date_gmt":"2017-12-12T12:02:02","guid":{"rendered":"https:\/\/www.recolex.be\/info\/"},"modified":"2017-12-13T07:25:54","modified_gmt":"2017-12-13T07:25:54","slug":"info","status":"publish","type":"page","link":"https:\/\/www.recolex.be\/fr\/info\/","title":{"rendered":"Info"},"content":{"rendered":"<p>[vc_row][vc_column]<div class=\"fancy_heading fancy_heading_line\"><h1 class=\"title\">Que fait un huissier de justice? <\/h1><div class=\"inside\">Beaucoup d\u2019entre vous se sont certainement d\u00e9j\u00e0 pos\u00e9 cette question sans, sans doute, en avoir re\u00e7u une r\u00e9ponse concr\u00e8te et compl\u00e8te.<\/div><\/div>\n[\/vc_column][\/vc_row][vc_row][vc_column width=\u00a0\u00bb1\/2&Prime;][vc_column_text]<\/p>\n<p style=\"text-align: justify;\">En Belgique, l\u2019huissier de justice est un officier minist\u00e9riel, mais il exerce son minist\u00e8re sous un statut lib\u00e9ral, c\u00e0d ind\u00e9pendant tel que p.ex le notaire.<\/p>\n<p style=\"text-align: justify;\">Dans notre pays, il y a environ 530 huissiers de justice qui sont dispers\u00e9s sur tout le pays et \u00e0 l\u2019int\u00e9rieur de diff\u00e9rents arrondissements judiciaires. A l\u2019int\u00e9rieur d\u2019un tel arrondissement judicaire, chaque requ\u00e9rant a la possibilit\u00e9 de choisir librement \u00ab son \u00bb huissier de justice.<\/p>\n<p style=\"text-align: justify;\">L\u2019activit\u00e9 principale de l\u2019huissier de justice est sans aucun doute la signification d\u2019actes judiciaires et l\u2019ex\u00e9cution forc\u00e9e de jugements. C\u2019est ainsi qu\u2019en Belgique, dans la plupart des cas, l\u2019affaire est introduite devant le Tribunal au moyen d\u2019une citation signifi\u00e9e par huissier de justice.<\/p>\n<p style=\"text-align: justify;\">La signification d\u2019actes extrajudiciaires tels que p.ex. un pr\u00e9avis en mati\u00e8re locative ou en mati\u00e8re de travail est \u00e9galement chose courante puisque la signification personnelle par huissier de justice comporte bien plus de garanties qu\u2019un recommand\u00e9 postal.<\/p>\n<p style=\"text-align: justify;\">Afin d\u2019ex\u00e9cuter de fa\u00e7on efficace un jugement rendu par le Tribunal, l\u2019huissier de justice \u00e0 recours \u00e0 tous les moyens de droit mis \u00e0 sa disposition tels que p.ex. la saisie mobili\u00e8re, la saisie immobili\u00e8re ou la saisie-arr\u00eat (saisie du salaire, saisie bancaire,\u2026)<\/p>\n<p>[\/vc_column_text][\/vc_column][vc_column width=\u00a0\u00bb1\/2&Prime;][vc_column_text]<\/p>\n<p style=\"text-align: justify;\">Dans la plupart des cas, l\u2019huissier de justice arrive \u00e0 \u00e9tablir un plan d\u2019apurement avec le d\u00e9biteur afin de recouvrer la cr\u00e9ance due dans l\u2019int\u00e9r\u00eat du cr\u00e9ancier et d\u2019\u00e9viter ainsi une ex\u00e9cution forc\u00e9e sur le patrimoine du d\u00e9biteur. L\u2019huissier de justice veille au respect de ce plan d\u2019apurement.<\/p>\n<p style=\"text-align: justify;\">En cas d\u2019urgence (p.ex. danger d\u2019organisation d\u2019insolvabilit\u00e9), l\u2019huissier de justice peut proc\u00e9der \u00e0 des mesures conservatoires afin de sauvegarder les droits du cr\u00e9ancier dans l\u2019attente d\u2019un titre ex\u00e9cutoire.<\/p>\n<p style=\"text-align: justify;\">Depuis un certain temps, l\u2019huissier de justice joue un r\u00f4le de plus en plus important sur le march\u00e9 du recouvrement extrajudiciaire, appel\u00e9 \u00e9galement recouvrement amiable. Il s\u2019agit d\u2019un recouvrement de cr\u00e9ances sans l\u2019intervention du Tribunal.<\/p>\n<p style=\"text-align: justify;\">Une autre comp\u00e9tence de l\u2019huissier de justice sont les constats r\u00e9dig\u00e9s dans toutes mati\u00e8res, et ceci soit afin d\u2019\u00e9viter un litige (p.ex. \u00e9tat des lieux dans le cadre d\u2019un contrat de bail), soit afin de sauvegarder des preuves dans le cadre d\u2019un litige existant.<\/p>\n<p style=\"text-align: justify;\">Comme vous le voyez, le champ d\u2019activit\u00e9 de l\u2019huissier de justice est tr\u00e8s diversifi\u00e9.<\/p>\n<p style=\"text-align: justify;\">N\u2019h\u00e9sitez pas \u00e0\u00a0nous contacter\u00a0si vous souhaitez obtenir de plus amples informations \u00e0 cet \u00e9gard.<\/p>\n<p>[\/vc_column_text][\/vc_column][\/vc_row]<\/p>\n","protected":false},"excerpt":{"rendered":"<p>[vc_row][vc_column][\/vc_column][\/vc_row][vc_row][vc_column width=\u00a0\u00bb1\/2&Prime;][vc_column_text] En Belgique, l\u2019huissier de justice est un officier minist\u00e9riel, mais il exerce son minist\u00e8re sous un statut lib\u00e9ral, c\u00e0d ind\u00e9pendant tel que p.ex le<span class=\"excerpt-hellip\"> [\u2026]<\/span><\/p>\n","protected":false},"author":1,"featured_media":57,"parent":0,"menu_order":2,"comment_status":"closed","ping_status":"closed","template":"","meta":{"_exactmetrics_skip_tracking":false,"_exactmetrics_sitenote_active":false,"_exactmetrics_sitenote_note":"","_exactmetrics_sitenote_category":0,"footnotes":""},"class_list":["post-253","page","type-page","status-publish","has-post-thumbnail","hentry"],"publishpress_future_action":{"enabled":false,"date":"2026-05-22 10:36:31","action":"change-status","newStatus":"draft","terms":[],"taxonomy":"translation_priority","extraData":[]},"publishpress_future_workflow_manual_trigger":{"enabledWorkflows":[]},"_links":{"self":[{"href":"https:\/\/www.recolex.be\/fr\/wp-json\/wp\/v2\/pages\/253","targetHints":{"allow":["GET"]}}],"collection":[{"href":"https:\/\/www.recolex.be\/fr\/wp-json\/wp\/v2\/pages"}],"about":[{"href":"https:\/\/www.recolex.be\/fr\/wp-json\/wp\/v2\/types\/page"}],"author":[{"embeddable":true,"href":"https:\/\/www.recolex.be\/fr\/wp-json\/wp\/v2\/users\/1"}],"replies":[{"embeddable":true,"href":"https:\/\/www.recolex.be\/fr\/wp-json\/wp\/v2\/comments?post=253"}],"version-history":[{"count":2,"href":"https:\/\/www.recolex.be\/fr\/wp-json\/wp\/v2\/pages\/253\/revisions"}],"predecessor-version":[{"id":271,"href":"https:\/\/www.recolex.be\/fr\/wp-json\/wp\/v2\/pages\/253\/revisions\/271"}],"wp:featuredmedia":[{"embeddable":true,"href":"https:\/\/www.recolex.be\/fr\/wp-json\/wp\/v2\/media\/57"}],"wp:attachment":[{"href":"https:\/\/www.recolex.be\/fr\/wp-json\/wp\/v2\/media?parent=253"}],"curies":[{"name":"wp","href":"https:\/\/api.w.org\/{rel}","templated":true}]}}