{"id":7,"date":"2017-12-12T12:02:02","date_gmt":"2017-12-12T12:02:02","guid":{"rendered":"https:\/\/www.recolex.be\/?page_id=7"},"modified":"2020-10-27T13:16:12","modified_gmt":"2020-10-27T13:16:12","slug":"info","status":"publish","type":"page","link":"https:\/\/www.recolex.be\/de\/info\/","title":{"rendered":"Info"},"content":{"rendered":"<p>[vc_row][vc_column]<div class=\"fancy_heading fancy_heading_line\"><h1 class=\"title\">Was macht eigentlich ein Gerichtsvollzieher?<\/h1><div class=\"inside\"> Diese Frage m\u00f6gen sich sicherlich schon viele gestellt haben, ohne jedoch konkrete und vielleicht auch vollst\u00e4ndige Antworten dazu erhalten zu haben.<\/div><\/div>\n[\/vc_column][\/vc_row][vc_row][vc_column width=&#8220;1\/2&#8243;][vc_column_text]<\/p>\n<p style=\"text-align: justify;\">In Belgien ist der Gerichtsvollzieher zwar ein \u00f6ffentlicher Beamter, jedoch \u00fcbt er sein Amt unter einem freiberuflichen, d.h. selbstst\u00e4ndigen Status aus, wie z.B. der Notar.<\/p>\n<p style=\"text-align: justify;\">Es gibt in unserem Land etwa 530 Gerichtsvollzieher, die auf die verschiedenen Gerichtsbezirke verteilt sind. Innerhalb eines solchen Gerichtsbezirks hat jeder Auftraggeber das Recht, sich \u201eseinen\u201c Gerichtsvollzieher frei auszusuchen. Die Zugeh\u00f6rigkeit eines Gerichtsvollzieherb\u00fcros zu nationalen oder internationalen Netzwerken f\u00f6rdert nat\u00fcrlich die Erledigung von Auftr\u00e4gen, die \u00fcber die Grenzen des jeweiligen Gerichtsbezirks hinausgehen, sodass in diesem Falle grunds\u00e4tzlich ein einziger Gerichtsvollzieher als Ansprechpartner reicht.<\/p>\n<p style=\"text-align: justify;\">Der Hauptaufgabenbereich des Gerichtsvollziehers ist zweifelsohne das Zustellen von gerichtlichen Schriftst\u00fccken und die Zwangsvollstreckung von Urteilen. So wird in den meisten F\u00e4llen in Belgien ein gerichtliches Verfahren durch die Zustellung der Vorladung eingeleitet.<\/p>\n<p style=\"text-align: justify;\">Aber auch Zustellungen von au\u00dfergerichtlichen Schriftst\u00fccken wie z.B. einer K\u00fcndigung des Miet- oder Arbeitsverh\u00e4ltnisses sind an der Tagesordnung, da die pers\u00f6nliche Zustellung durch den Gerichtsvollzieher wesentlich mehr Garantien mit sich bringt, als ein Posteinschreiben.<\/p>\n<p style=\"text-align: justify;\">Um die Vollstreckung eines durch das Gericht erlassenen Urteils erfolgsorientiert durchzuf\u00fchren, kann der Gerichtsvollzieher auf alle ihm zur Verf\u00fcgung stehenden Mittel der Zwangsvollstreckung zur\u00fcckgreifen, wie z.B. die Mobiliarpf\u00e4ndung, die Immobilienpf\u00e4ndung oder auch die Pf\u00e4ndung in H\u00e4nden Dritter (Lohnpf\u00e4ndung, Kontenpf\u00e4ndung, usw\u2026)<\/p>\n<p>[\/vc_column_text][\/vc_column][vc_column width=&#8220;1\/2&#8243;][vc_column_text]<\/p>\n<p style=\"text-align: justify;\">In den meisten F\u00e4llen gelingt es dem Gerichtsvollzieher, mit dem Schuldner einen Zahlungsplan zu vereinbaren, um die drohende Zwangsvollstreckung abzuwenden und die ausstehende Forderung im Interesse des Gl\u00e4ubigers beizutreiben. Die \u00dcberwachung dieses Zahlungsplanes erfolgt durch den Gerichtsvollzieher.<\/p>\n<p style=\"text-align: justify;\">Im Falle der Dringlichkeit (z.B. drohende organisierte Zahlungsunf\u00e4higkeit) kann der Gerichtsvollzieher Sicherheitsma\u00dfnahmen durchf\u00fchren um die Rechte des Gl\u00e4ubigers in Erwartung eines vollstreckbaren Titels zu wahren.<\/p>\n<p style=\"text-align: justify;\">Seit einiger Zeit ist der Gerichtsvollzieher ebenfalls verst\u00e4rkt auf dem Inkassomarkt t\u00e4tig um das au\u00dfergerichtliche Eintreiben von offenstehenden Forderung, d.h. ohne Einschaltung des Gerichts durchzuf\u00fchren. Dabei ist insbesondere die Zugeh\u00f6rigkeit zu einem landes- bzw. europaweit operierenden Netzwerk \u00e4u\u00dferst zweckdienlich.<\/p>\n<p style=\"text-align: justify;\">Ein weiterer Aufgabenbereich des Gerichtsvollziehers ist das Erstellen von Feststellungsprotokollen jeder Art um entweder einem drohenden Rechtsstreit vorzubeugen (z.B. Bestandsaufnahmen von Wohnungen im Rahmen eines Mietvertrages) oder aber um im Rahmen eines Rechtsstreites etwaige Beweise zu sichern.<\/p>\n<p style=\"text-align: justify;\">Wie Sie sehen, ist das T\u00e4tigkeitsfeld des Gerichtsvollziehers sehr vielf\u00e4ltig.<\/p>\n<p style=\"text-align: justify;\">Sollten Sie weitere Informationen diesbez\u00fcglich w\u00fcnschen, z\u00f6gern Sie bitte nicht, uns zu\u00a0<a href=\"https:\/\/www.recolex.be\/kontakt\/\">kontaktieren<\/a>.<\/p>\n<p>[\/vc_column_text][\/vc_column][\/vc_row]<\/p>\n","protected":false},"excerpt":{"rendered":"<p>[vc_row][vc_column][\/vc_column][\/vc_row][vc_row][vc_column width=&#8220;1\/2&#8243;][vc_column_text] In Belgien ist der Gerichtsvollzieher zwar ein \u00f6ffentlicher Beamter, jedoch \u00fcbt er sein Amt unter einem freiberuflichen, d.h. selbstst\u00e4ndigen Status aus, wie z.B. der<span class=\"excerpt-hellip\"> [\u2026]<\/span><\/p>\n","protected":false},"author":1,"featured_media":57,"parent":0,"menu_order":2,"comment_status":"closed","ping_status":"closed","template":"","meta":{"_exactmetrics_skip_tracking":false,"_exactmetrics_sitenote_active":false,"_exactmetrics_sitenote_note":"","_exactmetrics_sitenote_category":0,"footnotes":""},"class_list":["post-7","page","type-page","status-publish","has-post-thumbnail","hentry"],"publishpress_future_action":{"enabled":false,"date":"2026-05-22 09:45:09","action":"change-status","newStatus":"draft","terms":[],"taxonomy":"translation_priority","extraData":[]},"publishpress_future_workflow_manual_trigger":{"enabledWorkflows":[]},"_links":{"self":[{"href":"https:\/\/www.recolex.be\/de\/wp-json\/wp\/v2\/pages\/7","targetHints":{"allow":["GET"]}}],"collection":[{"href":"https:\/\/www.recolex.be\/de\/wp-json\/wp\/v2\/pages"}],"about":[{"href":"https:\/\/www.recolex.be\/de\/wp-json\/wp\/v2\/types\/page"}],"author":[{"embeddable":true,"href":"https:\/\/www.recolex.be\/de\/wp-json\/wp\/v2\/users\/1"}],"replies":[{"embeddable":true,"href":"https:\/\/www.recolex.be\/de\/wp-json\/wp\/v2\/comments?post=7"}],"version-history":[{"count":7,"href":"https:\/\/www.recolex.be\/de\/wp-json\/wp\/v2\/pages\/7\/revisions"}],"predecessor-version":[{"id":758,"href":"https:\/\/www.recolex.be\/de\/wp-json\/wp\/v2\/pages\/7\/revisions\/758"}],"wp:featuredmedia":[{"embeddable":true,"href":"https:\/\/www.recolex.be\/de\/wp-json\/wp\/v2\/media\/57"}],"wp:attachment":[{"href":"https:\/\/www.recolex.be\/de\/wp-json\/wp\/v2\/media?parent=7"}],"curies":[{"name":"wp","href":"https:\/\/api.w.org\/{rel}","templated":true}]}}