{"id":5,"date":"2017-12-12T12:01:40","date_gmt":"2017-12-12T12:01:40","guid":{"rendered":"https:\/\/www.recolex.be\/?page_id=5"},"modified":"2021-09-14T17:58:46","modified_gmt":"2021-09-14T17:58:46","slug":"home","status":"publish","type":"page","link":"https:\/\/www.recolex.be\/de\/","title":{"rendered":"Home"},"content":{"rendered":"<p>[vc_row][vc_column]<div class=\"fancy_heading fancy_heading_line\"><h2 class=\"title\">Herzlich willkommen auf unserer Internetseite!<\/h2><\/div>\n[\/vc_column][\/vc_row][vc_row][vc_column width=&#8220;1\/2&#8243;][vc_column_text]<\/p>\n<p style=\"text-align: justify;\">Ziel dieser Seite ist es, Sie \u00fcber den Gerichtsvollzieherberuf im Allgemeinen sowie \u00fcber die Dienstleistungen unseres B\u00fcros im Besonderen zu informieren.<\/p>\n<p style=\"text-align: justify;\">Wir m\u00f6chten Sie zuerst vertraut machen mit den verschiedenen Aufgabenbereichen, die in die Zust\u00e4ndigkeit des Gerichtsvollziehers fallen.<\/p>\n<p style=\"text-align: justify;\">Wir stellen Ihnen die Mitarbeiterinnen und Mitarbeiter des B\u00fcros vor, und erl\u00e4utern Ihnen deren verschiedene Verantwortungsbereiche innerhalb des t\u00e4glichen B\u00fcrobetriebes.<\/p>\n<p style=\"text-align: justify;\">Sie erhalten auf dieser Seite alle erforderlichen Informationen, um den Weg zu uns zu finden.<\/p>\n<p>[\/vc_column_text][\/vc_column][vc_column width=&#8220;1\/2&#8243;][vc_column_text]<\/p>\n<p style=\"text-align: justify;\">Mit an Sicherheit grenzender Wahrscheinlichkeit stattfindende Versteigerungen werden hier ver\u00f6ffentlicht und eine Auflistung der zu versteigernden Gegenst\u00e4nde bekannt gegeben.<\/p>\n<p style=\"text-align: justify;\">Ein Teil dieser Seite f\u00fchrt Sie zu interessanten, mit dem Gerichtsvollzieherberuf in direkter Verbindung stehenden Links sowie zu einem Kontaktformular, w\u00e4hrend den Kunden des B\u00fcros rund um die Uhr \u00fcber eine gesicherte Datenleitung (Extranet) die M\u00f6glichkeit zur Akteneinsicht gegeben wird.<\/p>\n<p style=\"text-align: justify;\">Bitte z\u00f6gern Sie nicht uns zu kontaktieren, wenn Sie weitere Fragen haben.<\/p>\n<p style=\"text-align: justify;\">Wir w\u00fcnschen Ihnen schon jetzt viel Spa\u00df beim surfen auf unserer Seite.<\/p>\n<p style=\"text-align: justify;\">Marc SCHMITZ &amp; Daniel RAUW<\/p>\n<p style=\"text-align: justify;\">Gerichtsvollzieher<\/p>\n<p>[\/vc_column_text][\/vc_column][\/vc_row][vc_row][vc_column width=&#8220;1\/4&#8243;][\/vc_column][vc_column width=&#8220;1\/2&#8243;][vc_separator color=&#8220;sky&#8220; border_width=&#8220;2&#8243;][vc_single_image image=&#8220;43&#8243; img_size=&#8220;full&#8220; alignment=&#8220;center&#8220;][\/vc_column][vc_column width=&#8220;1\/4&#8243;][\/vc_column][\/vc_row][vc_row full_width=&#8220;stretch_row&#8220; content_placement=&#8220;middle&#8220; css=&#8220;.vc_custom_1513154057234{background-image: url(https:\/\/www.recolex.be\/wp-content\/uploads\/2017\/12\/extranet-button-backround-mauve.jpg?id=124) !important;}&#8220;][vc_column][vc_cta h2=&#8220;Direktzugang zum Extranet&#8220; h2_font_container=&#8220;font_size:35px|color:%23ffffff&#8220; h2_use_theme_fonts=&#8220;yes&#8220; h2_css_animation=&#8220;none&#8220; txt_align=&#8220;center&#8220; style=&#8220;custom&#8220; use_custom_fonts_h2=&#8220;true&#8220; custom_background=&#8220;rgba(0,0,0,0.01)&#8220; custom_text=&#8220;#ffffff&#8220; h2_link=&#8220;url:https%3A%2F%2Fdioweb.recolex.be||target:%20_blank|&#8220;][\/vc_cta][\/vc_column][\/vc_row]<\/p>\n","protected":false},"excerpt":{"rendered":"<p>[vc_row][vc_column][\/vc_column][\/vc_row][vc_row][vc_column width=&#8220;1\/2&#8243;][vc_column_text] Ziel dieser Seite ist es, Sie \u00fcber den Gerichtsvollzieherberuf im Allgemeinen sowie \u00fcber die Dienstleistungen unseres B\u00fcros im Besonderen zu informieren. Wir m\u00f6chten Sie<span class=\"excerpt-hellip\"> [\u2026]<\/span><\/p>\n","protected":false},"author":1,"featured_media":78,"parent":0,"menu_order":1,"comment_status":"closed","ping_status":"closed","template":"","meta":{"_exactmetrics_skip_tracking":false,"_exactmetrics_sitenote_active":false,"_exactmetrics_sitenote_note":"","_exactmetrics_sitenote_category":0,"footnotes":""},"class_list":["post-5","page","type-page","status-publish","has-post-thumbnail","hentry"],"publishpress_future_action":{"enabled":false,"date":"2026-05-22 08:41:28","action":"change-status","newStatus":"draft","terms":[],"taxonomy":"translation_priority","extraData":[]},"publishpress_future_workflow_manual_trigger":{"enabledWorkflows":[]},"_links":{"self":[{"href":"https:\/\/www.recolex.be\/de\/wp-json\/wp\/v2\/pages\/5","targetHints":{"allow":["GET"]}}],"collection":[{"href":"https:\/\/www.recolex.be\/de\/wp-json\/wp\/v2\/pages"}],"about":[{"href":"https:\/\/www.recolex.be\/de\/wp-json\/wp\/v2\/types\/page"}],"author":[{"embeddable":true,"href":"https:\/\/www.recolex.be\/de\/wp-json\/wp\/v2\/users\/1"}],"replies":[{"embeddable":true,"href":"https:\/\/www.recolex.be\/de\/wp-json\/wp\/v2\/comments?post=5"}],"version-history":[{"count":58,"href":"https:\/\/www.recolex.be\/de\/wp-json\/wp\/v2\/pages\/5\/revisions"}],"predecessor-version":[{"id":882,"href":"https:\/\/www.recolex.be\/de\/wp-json\/wp\/v2\/pages\/5\/revisions\/882"}],"wp:featuredmedia":[{"embeddable":true,"href":"https:\/\/www.recolex.be\/de\/wp-json\/wp\/v2\/media\/78"}],"wp:attachment":[{"href":"https:\/\/www.recolex.be\/de\/wp-json\/wp\/v2\/media?parent=5"}],"curies":[{"name":"wp","href":"https:\/\/api.w.org\/{rel}","templated":true}]}}