{"id":13,"date":"2017-12-12T12:03:21","date_gmt":"2017-12-12T12:03:21","guid":{"rendered":"https:\/\/www.recolex.be\/?page_id=13"},"modified":"2018-01-05T13:03:16","modified_gmt":"2018-01-05T13:03:16","slug":"links","status":"publish","type":"page","link":"https:\/\/www.recolex.be\/de\/links\/","title":{"rendered":"Links"},"content":{"rendered":"<p>[vc_row][vc_column]<div class=\"fancy_heading fancy_heading_line\"><h1 class=\"title\">Kammern und Verb\u00e4nde<\/h1><\/div>\n[\/vc_column][\/vc_row][vc_row][vc_column width=&#8220;1\/3&#8243;]<div class=\"list_item lists_2 clearfix\"><a href=\"http:\/\/www.uihj.com\/fr\/\" ><div class=\"list_left list_image\"><img loading=\"lazy\" decoding=\"async\" src=\"https:\/\/www.recolex.be\/wp-content\/uploads\/2017\/12\/internationale-union.jpg\" class=\"scale-with-grid\" alt=\"internationale-union\" width=\"50\" height=\"50\"\/><\/div><div class=\"list_right\"><h4>Internationale Union<\/h4><div class=\"desc\">www.uihj.com<\/div><\/div><\/a><\/div>\n[\/vc_column][vc_column width=&#8220;1\/3&#8243;]<div class=\"list_item lists_2 clearfix\"><a href=\"https:\/\/www.huissiersdejustice.be\" ><div class=\"list_left list_image\"><img loading=\"lazy\" decoding=\"async\" src=\"https:\/\/www.recolex.be\/wp-content\/uploads\/2017\/12\/belgien.jpg\" class=\"scale-with-grid\" alt=\"belgien\" width=\"50\" height=\"50\"\/><\/div><div class=\"list_right\"><h4>Belgien<\/h4><div class=\"desc\">www.huissiersdejustice.be<\/div><\/div><\/a><\/div>\n[\/vc_column][vc_column width=&#8220;1\/3&#8243;]<div class=\"list_item lists_2 clearfix\"><a href=\"https:\/\/www.gerechtsdeurwaarders.be\/\" ><div class=\"list_left list_image\"><img loading=\"lazy\" decoding=\"async\" src=\"https:\/\/www.recolex.be\/wp-content\/uploads\/2017\/12\/belgien.jpg\" class=\"scale-with-grid\" alt=\"belgien\" width=\"50\" height=\"50\"\/><\/div><div class=\"list_right\"><h4>Belgien<\/h4><div class=\"desc\">www.gerechtsdeurwaarders.be<\/div><\/div><\/a><\/div>\n[\/vc_column][\/vc_row][vc_row][vc_column width=&#8220;1\/3&#8243;]<div class=\"list_item lists_2 clearfix\"><a href=\"http:\/\/www.dommerfm.dk\/\" ><div class=\"list_left list_image\"><img loading=\"lazy\" decoding=\"async\" src=\"https:\/\/www.recolex.be\/wp-content\/uploads\/2017\/12\/daenemark.jpg\" class=\"scale-with-grid\" alt=\"daenemark\" width=\"50\" height=\"50\"\/><\/div><div class=\"list_right\"><h4>D\u00e4nemark<\/h4><div class=\"desc\">www.dommerfm.dk<\/div><\/div><\/a><\/div>\n[\/vc_column][vc_column width=&#8220;1\/3&#8243;]<div class=\"list_item lists_2 clearfix\"><a href=\"http:\/\/www.dgvb.de\/\" ><div class=\"list_left list_image\"><img loading=\"lazy\" decoding=\"async\" src=\"https:\/\/www.recolex.be\/wp-content\/uploads\/2017\/12\/deutschland.jpg\" class=\"scale-with-grid\" alt=\"deutschland\" width=\"50\" height=\"50\"\/><\/div><div class=\"list_right\"><h4>Deutschland<\/h4><div class=\"desc\">www.dgvb.de<\/div><\/div><\/a><\/div>\n[\/vc_column][vc_column width=&#8220;1\/3&#8243;]<div class=\"list_item lists_2 clearfix\"><a href=\"https:\/\/marstonholdings.co.uk\/\" ><div class=\"list_left list_image\"><img loading=\"lazy\" decoding=\"async\" src=\"https:\/\/www.recolex.be\/wp-content\/uploads\/2017\/12\/Recolex-link-icon.png\" class=\"scale-with-grid\" alt=\"Recolex-link-icon\" width=\"50\" height=\"50\"\/><\/div><div class=\"list_right\"><h4>England und Wales<\/h4><div class=\"desc\">High Court Enforcement Association<\/div><\/div><\/a><\/div>\n[\/vc_column][\/vc_row][vc_row][vc_column width=&#8220;1\/3&#8243;]<div class=\"list_item lists_2 clearfix\"><a href=\"https:\/\/www.excelenforcement.co.uk\/\" ><div class=\"list_left list_image\"><img loading=\"lazy\" decoding=\"async\" src=\"https:\/\/www.recolex.be\/wp-content\/uploads\/2017\/12\/Recolex-link-icon.png\" class=\"scale-with-grid\" alt=\"Recolex-link-icon\" width=\"50\" height=\"50\"\/><\/div><div class=\"list_right\"><h4>England und Wales<\/h4><div class=\"desc\">Enforcement Services Association<\/div><\/div><\/a><\/div>\n[\/vc_column][vc_column width=&#8220;1\/3&#8243;]<div class=\"list_item lists_2 clearfix\"><a href=\"http:\/\/oikeusministerio.fi\/etusivu\" ><div class=\"list_left list_image\"><img loading=\"lazy\" decoding=\"async\" src=\"https:\/\/www.recolex.be\/wp-content\/uploads\/2017\/12\/finland.jpg\" class=\"scale-with-grid\" alt=\"finland\" width=\"50\" height=\"50\"\/><\/div><div class=\"list_right\"><h4>Finnland<\/h4><div class=\"desc\">www.om.fi<\/div><\/div><\/a><\/div>\n[\/vc_column][vc_column width=&#8220;1\/3&#8243;]<div class=\"list_item lists_2 clearfix\"><a href=\"http:\/\/www.huissier-justice.fr\/\" ><div class=\"list_left list_image\"><img loading=\"lazy\" decoding=\"async\" src=\"https:\/\/www.recolex.be\/wp-content\/uploads\/2017\/12\/frankreich.jpg\" class=\"scale-with-grid\" alt=\"frankreich\" width=\"50\" height=\"50\"\/><\/div><div class=\"list_right\"><h4>Frankreich<\/h4><div class=\"desc\">www.huissier-justice.fr<\/div><\/div><\/a><\/div>\n[\/vc_column][\/vc_row][vc_row][vc_column width=&#8220;1\/3&#8243;]<div class=\"list_item lists_2 clearfix\"><a href=\"http:\/\/www.dikastikoi-epimelites.gr\/\" ><div class=\"list_left list_image\"><img loading=\"lazy\" decoding=\"async\" src=\"https:\/\/www.recolex.be\/wp-content\/uploads\/2017\/12\/griechenland.jpg\" class=\"scale-with-grid\" alt=\"griechenland\" width=\"50\" height=\"50\"\/><\/div><div class=\"list_right\"><h4>Griechenland<\/h4><div class=\"desc\">www.dikastikoi-epimelites.gr<\/div><\/div><\/a><\/div>\n[\/vc_column][vc_column width=&#8220;1\/3&#8243;]<div class=\"list_item lists_2 clearfix\"><a href=\"http:\/\/www.uiug.com\/\" ><div class=\"list_left list_image\"><img loading=\"lazy\" decoding=\"async\" src=\"https:\/\/www.recolex.be\/wp-content\/uploads\/2017\/12\/Recolex-link-icon.png\" class=\"scale-with-grid\" alt=\"Recolex-link-icon\" width=\"50\" height=\"50\"\/><\/div><div class=\"list_right\"><h4>Italien<\/h4><div class=\"desc\">www.uiug.com<\/div><\/div><\/a><\/div>\n[\/vc_column][vc_column width=&#8220;1\/3&#8243;]<div class=\"list_item lists_2 clearfix\"><a href=\"http:\/\/www.chjq.ca\/Accueil\" ><div class=\"list_left list_image\"><img loading=\"lazy\" decoding=\"async\" src=\"https:\/\/www.recolex.be\/wp-content\/uploads\/2017\/12\/kanada.jpg\" class=\"scale-with-grid\" alt=\"kanada\" width=\"50\" height=\"50\"\/><\/div><div class=\"list_right\"><h4>Kanada (Qu\u00e9bec)<\/h4><div class=\"desc\">www.huissiersquebec.qc.ca<\/div><\/div><\/a><\/div>\n[\/vc_column][\/vc_row][vc_row][vc_column width=&#8220;1\/3&#8243;]<div class=\"list_item lists_2 clearfix\"><a href=\"http:\/\/www.lzti.lv\/\" ><div class=\"list_left list_image\"><img loading=\"lazy\" decoding=\"async\" src=\"https:\/\/www.recolex.be\/wp-content\/uploads\/2017\/12\/lettland.jpg\" class=\"scale-with-grid\" alt=\"lettland\" width=\"50\" height=\"50\"\/><\/div><div class=\"list_right\"><h4>Lettland<\/h4><div class=\"desc\">www.lzti.lv<\/div><\/div><\/a><\/div>\n[\/vc_column][vc_column width=&#8220;1\/3&#8243;]<div class=\"list_item lists_2 clearfix\"><a href=\"http:\/\/www.antstoliurumai.lt\/en\" ><div class=\"list_left list_image\"><img loading=\"lazy\" decoding=\"async\" src=\"https:\/\/www.recolex.be\/wp-content\/uploads\/2017\/12\/Recolex-link-icon.png\" class=\"scale-with-grid\" alt=\"Recolex-link-icon\" width=\"50\" height=\"50\"\/><\/div><div class=\"list_right\"><h4>Litauen<\/h4><div class=\"desc\">www.antstoliurumai.lt\/en<\/div><\/div><\/a><\/div>\n[\/vc_column][vc_column width=&#8220;1\/3&#8243;]<div class=\"list_item lists_2 clearfix\"><a href=\"http:\/\/www.huissier.lu\/\" ><div class=\"list_left list_image\"><img loading=\"lazy\" decoding=\"async\" src=\"https:\/\/www.recolex.be\/wp-content\/uploads\/2017\/12\/luxemburg.jpg\" class=\"scale-with-grid\" alt=\"luxemburg\" width=\"50\" height=\"50\"\/><\/div><div class=\"list_right\"><h4>Luxemburg<\/h4><div class=\"desc\">www.huissier.lu<\/div><\/div><\/a><\/div>\n[\/vc_column][\/vc_row][vc_row][vc_column width=&#8220;1\/3&#8243;]<div class=\"list_item lists_2 clearfix\"><a href=\"https:\/\/www.kbvg.nl\/\" ><div class=\"list_left list_image\"><img loading=\"lazy\" decoding=\"async\" src=\"https:\/\/www.recolex.be\/wp-content\/uploads\/2017\/12\/niederlande.jpg\" class=\"scale-with-grid\" alt=\"niederlande\" width=\"50\" height=\"50\"\/><\/div><div class=\"list_right\"><h4>Niederlande<\/h4><div class=\"desc\">www.kbvg.nl<\/div><\/div><\/a><\/div>\n[\/vc_column][vc_column width=&#8220;1\/3&#8243;]<div class=\"list_item lists_2 clearfix\"><a href=\"http:\/\/www.gerichtsvollzieher.at\/\" ><div class=\"list_left list_image\"><img loading=\"lazy\" decoding=\"async\" src=\"https:\/\/www.recolex.be\/wp-content\/uploads\/2017\/12\/oesterreich.jpg\" class=\"scale-with-grid\" alt=\"oesterreich\" width=\"50\" height=\"50\"\/><\/div><div class=\"list_right\"><h4>\u00d6sterreich<\/h4><div class=\"desc\">www.gerichtsvollzieher.at<\/div><\/div><\/a><\/div>\n[\/vc_column][vc_column width=&#8220;1\/3&#8243;]<div class=\"list_item lists_2 clearfix\"><a href=\"www.komornik.pl\" ><div class=\"list_left list_image\"><img loading=\"lazy\" decoding=\"async\" src=\"https:\/\/www.recolex.be\/wp-content\/uploads\/2017\/12\/polen.jpg\" class=\"scale-with-grid\" alt=\"polen\" width=\"50\" height=\"50\"\/><\/div><div class=\"list_right\"><h4>Polen<\/h4><div class=\"desc\">www.komornik.pl<\/div><\/div><\/a><\/div>\n[\/vc_column][\/vc_row][vc_row][vc_column width=&#8220;1\/3&#8243;]<div class=\"list_item lists_2 clearfix\"><a href=\"http:\/\/www.solicitador.net\/pt\/pag\/OSAE\/osae\/1\/1\/1\/1\" ><div class=\"list_left list_image\"><img loading=\"lazy\" decoding=\"async\" src=\"https:\/\/www.recolex.be\/wp-content\/uploads\/2017\/12\/portugal.jpg\" class=\"scale-with-grid\" alt=\"portugal\" width=\"50\" height=\"50\"\/><\/div><div class=\"list_right\"><h4>Portugal<\/h4><div class=\"desc\">www.solicitador.net<\/div><\/div><\/a><\/div>\n[\/vc_column][vc_column width=&#8220;1\/3&#8243;]<div class=\"list_item lists_2 clearfix\"><a href=\"http:\/\/www.smaso.org\/\" ><div class=\"list_left list_image\"><img loading=\"lazy\" decoding=\"async\" src=\"https:\/\/www.recolex.be\/wp-content\/uploads\/2017\/12\/schottland.jpg\" class=\"scale-with-grid\" alt=\"schottland\" width=\"50\" height=\"50\"\/><\/div><div class=\"list_right\"><h4>Schottland<\/h4><div class=\"desc\">www.ednet.co.uk\/~smaso\/<\/div><\/div><\/a><\/div>\n[\/vc_column][vc_column width=&#8220;1\/3&#8243;]<div class=\"list_item lists_2 clearfix\"><a href=\"http:\/\/skatteverket.se\/kronofogden\/index.html\" ><div class=\"list_left list_image\"><img loading=\"lazy\" decoding=\"async\" src=\"https:\/\/www.recolex.be\/wp-content\/uploads\/2017\/12\/schweden.jpg\" class=\"scale-with-grid\" alt=\"schweden\" width=\"50\" height=\"50\"\/><\/div><div class=\"list_right\"><h4>Schweden<\/h4><div class=\"desc\">skatteverket.se\/kronofogden\/index.html<\/div><\/div><\/a><\/div>\n[\/vc_column][\/vc_row][vc_row][vc_column width=&#8220;1\/3&#8243;]<div class=\"list_item lists_2 clearfix\"><a href=\"http:\/\/www.cgpe.es\/\" ><div class=\"list_left list_image\"><img loading=\"lazy\" decoding=\"async\" src=\"https:\/\/www.recolex.be\/wp-content\/uploads\/2017\/12\/spanien.jpg\" class=\"scale-with-grid\" alt=\"spanien\" width=\"50\" height=\"50\"\/><\/div><div class=\"list_right\"><h4>Spanien<\/h4><div class=\"desc\">www.cgpe.es<\/div><\/div><\/a><\/div>\n[\/vc_column][vc_column width=&#8220;1\/3&#8243;][\/vc_column][vc_column width=&#8220;1\/3&#8243;][\/vc_column][\/vc_row][vc_row][vc_column]<div class=\"fancy_heading fancy_heading_line\"><h1 class=\"title\">Allgemeine Links<\/h1><\/div>\n[\/vc_column][\/vc_row][vc_row][vc_column width=&#8220;1\/3&#8243;]<div class=\"list_item lists_2 clearfix\"><a href=\"http:\/\/www.un.org\/\" ><div class=\"list_left list_image\"><img loading=\"lazy\" decoding=\"async\" src=\"https:\/\/www.recolex.be\/wp-content\/uploads\/2017\/12\/uno.jpg\" class=\"scale-with-grid\" alt=\"uno\" width=\"50\" height=\"50\"\/><\/div><div class=\"list_right\"><h4>Vereinten Nationen (UNO)<\/h4><div class=\"desc\">www.un.org<\/div><\/div><\/a><\/div>\n[\/vc_column][vc_column width=&#8220;1\/3&#8243;]<div class=\"list_item lists_2 clearfix\"><a href=\"https:\/\/www.coe.int\/en\/web\/portal\/home\" ><div class=\"list_left list_image\"><img loading=\"lazy\" decoding=\"async\" src=\"https:\/\/www.recolex.be\/wp-content\/uploads\/2017\/12\/eu-justiz.jpg\" class=\"scale-with-grid\" alt=\"eu-justiz\" width=\"50\" height=\"50\"\/><\/div><div class=\"list_right\"><h4>Europarat<\/h4><div class=\"desc\">www.coe.int<\/div><\/div><\/a><\/div>\n[\/vc_column][vc_column width=&#8220;1\/3&#8243;]<div class=\"list_item lists_2 clearfix\"><a href=\"https:\/\/www.hcch.net\/index.cfm?oldlang=fr\" ><div class=\"list_left list_image\"><img loading=\"lazy\" decoding=\"async\" src=\"https:\/\/www.recolex.be\/wp-content\/uploads\/2017\/12\/haager-konferenz.jpg\" class=\"scale-with-grid\" alt=\"haager-konferenz\" width=\"50\" height=\"50\"\/><\/div><div class=\"list_right\"><h4>Haager Konferenz f\u00fcr Internationales Privatrecht<\/h4><div class=\"desc\">hcch.e-vision.nl\/index_fr.php<\/div><\/div><\/a><\/div>\n[\/vc_column][\/vc_row][vc_row][vc_column width=&#8220;1\/3&#8243;]<div class=\"list_item lists_2 clearfix\"><a href=\"http:\/\/www.ohada.com\/\" ><div class=\"list_left list_image\"><img loading=\"lazy\" decoding=\"async\" src=\"https:\/\/www.recolex.be\/wp-content\/uploads\/2017\/12\/Recolex-link-icon.png\" class=\"scale-with-grid\" alt=\"Recolex-link-icon\" width=\"50\" height=\"50\"\/><\/div><div class=\"list_right\"><h4>Ohada (Organisation f\u00fcr die Harmonisierung des Gesch\u00e4ftsrechts in Afrika)<\/h4><div class=\"desc\">www.ohada.com<\/div><\/div><\/a><\/div>\n[\/vc_column][vc_column width=&#8220;1\/3&#8243;]<div class=\"list_item lists_2 clearfix\"><a href=\"http:\/\/www.enpepp.org\/index.html\" ><div class=\"list_left list_image\"><img loading=\"lazy\" decoding=\"async\" src=\"https:\/\/www.recolex.be\/wp-content\/uploads\/2017\/12\/Recolex-link-icon.png\" class=\"scale-with-grid\" alt=\"Recolex-link-icon\" width=\"50\" height=\"50\"\/><\/div><div class=\"list_right\"><h4>Ecole nationale de proc\u00e9dure fran\u00e7aise (Nationale Franz\u00f6sische Prozessschule)<\/h4><div class=\"desc\">www.enpepp.org<\/div><\/div><\/a><\/div>\n[\/vc_column][vc_column width=&#8220;1\/3&#8243;]<div class=\"list_item lists_2 clearfix\"><a href=\"http:\/\/www.st.vith.be\/neues\/ueberblick\/\" ><div class=\"list_left list_image\"><img loading=\"lazy\" decoding=\"async\" src=\"https:\/\/www.recolex.be\/wp-content\/uploads\/2017\/12\/Recolex-link-icon.png\" class=\"scale-with-grid\" alt=\"Recolex-link-icon\" width=\"50\" height=\"50\"\/><\/div><div class=\"list_right\"><h4>Stadt St.Vith<\/h4><div class=\"desc\">www.st.vith.be<\/div><\/div><\/a><\/div>\n[\/vc_column][\/vc_row]<\/p>\n","protected":false},"excerpt":{"rendered":"<p>[vc_row][vc_column][\/vc_column][\/vc_row][vc_row][vc_column width=&#8220;1\/3&#8243;][\/vc_column][vc_column width=&#8220;1\/3&#8243;][\/vc_column][vc_column width=&#8220;1\/3&#8243;][\/vc_column][\/vc_row][vc_row][vc_column width=&#8220;1\/3&#8243;][\/vc_column][vc_column width=&#8220;1\/3&#8243;][\/vc_column][vc_column width=&#8220;1\/3&#8243;][\/vc_column][\/vc_row][vc_row][vc_column width=&#8220;1\/3&#8243;][\/vc_column][vc_column width=&#8220;1\/3&#8243;][\/vc_column][vc_column width=&#8220;1\/3&#8243;][\/vc_column][\/vc_row][vc_row][vc_column width=&#8220;1\/3&#8243;][\/vc_column][vc_column width=&#8220;1\/3&#8243;][\/vc_column][vc_column width=&#8220;1\/3&#8243;][\/vc_column][\/vc_row][vc_row][vc_column width=&#8220;1\/3&#8243;][\/vc_column][vc_column width=&#8220;1\/3&#8243;][\/vc_column][vc_column width=&#8220;1\/3&#8243;][\/vc_column][\/vc_row][vc_row][vc_column width=&#8220;1\/3&#8243;][\/vc_column][vc_column width=&#8220;1\/3&#8243;][\/vc_column][vc_column width=&#8220;1\/3&#8243;][\/vc_column][\/vc_row][vc_row][vc_column width=&#8220;1\/3&#8243;][\/vc_column][vc_column width=&#8220;1\/3&#8243;][\/vc_column][vc_column width=&#8220;1\/3&#8243;][\/vc_column][\/vc_row][vc_row][vc_column width=&#8220;1\/3&#8243;][\/vc_column][vc_column width=&#8220;1\/3&#8243;][\/vc_column][vc_column width=&#8220;1\/3&#8243;][\/vc_column][\/vc_row][vc_row][vc_column][\/vc_column][\/vc_row][vc_row][vc_column width=&#8220;1\/3&#8243;][\/vc_column][vc_column<span class=\"excerpt-hellip\"> [\u2026]<\/span><\/p>\n","protected":false},"author":1,"featured_media":62,"parent":0,"menu_order":5,"comment_status":"closed","ping_status":"closed","template":"","meta":{"_exactmetrics_skip_tracking":false,"_exactmetrics_sitenote_active":false,"_exactmetrics_sitenote_note":"","_exactmetrics_sitenote_category":0,"footnotes":""},"class_list":["post-13","page","type-page","status-publish","has-post-thumbnail","hentry"],"publishpress_future_action":{"enabled":false,"date":"2026-05-24 05:10:45","action":"change-status","newStatus":"draft","terms":[],"taxonomy":"translation_priority","extraData":[]},"publishpress_future_workflow_manual_trigger":{"enabledWorkflows":[]},"_links":{"self":[{"href":"https:\/\/www.recolex.be\/de\/wp-json\/wp\/v2\/pages\/13","targetHints":{"allow":["GET"]}}],"collection":[{"href":"https:\/\/www.recolex.be\/de\/wp-json\/wp\/v2\/pages"}],"about":[{"href":"https:\/\/www.recolex.be\/de\/wp-json\/wp\/v2\/types\/page"}],"author":[{"embeddable":true,"href":"https:\/\/www.recolex.be\/de\/wp-json\/wp\/v2\/users\/1"}],"replies":[{"embeddable":true,"href":"https:\/\/www.recolex.be\/de\/wp-json\/wp\/v2\/comments?post=13"}],"version-history":[{"count":41,"href":"https:\/\/www.recolex.be\/de\/wp-json\/wp\/v2\/pages\/13\/revisions"}],"predecessor-version":[{"id":417,"href":"https:\/\/www.recolex.be\/de\/wp-json\/wp\/v2\/pages\/13\/revisions\/417"}],"wp:featuredmedia":[{"embeddable":true,"href":"https:\/\/www.recolex.be\/de\/wp-json\/wp\/v2\/media\/62"}],"wp:attachment":[{"href":"https:\/\/www.recolex.be\/de\/wp-json\/wp\/v2\/media?parent=13"}],"curies":[{"name":"wp","href":"https:\/\/api.w.org\/{rel}","templated":true}]}}